{"id":29,"date":"2019-05-24T06:16:22","date_gmt":"2019-05-24T06:16:22","guid":{"rendered":"http:\/\/brucculeri.net\/?page_id=29"},"modified":"2019-06-02T11:38:12","modified_gmt":"2019-06-02T11:38:12","slug":"startseite","status":"publish","type":"page","link":"https:\/\/brucculeri.net\/","title":{"rendered":"Startseite"},"content":{"rendered":"\n<br><strong>Willkommen auf der Website der Brucculeri Estrich GmbH,<\/strong><br>\nwir freuen uns, dass Sie den Weg zu uns gefunden haben.<br><br>Die Brucculeri Estrich GmbH blickt auf 2 Jahrzehnte Estrich-Bau im Gro\u00dfraum Hamburg und Umgebung zur\u00fcck.<br><br>\n\n\n\n<head>\n<style>\n.referenzbild { text-align:left; height:40px; margin-bottom: 0px; \nmargin-left: 0px; padding-top: 5px;}\n<\/style>\n<\/head>\n<table border=\"0\">\n<tr>\n<td>\n<a href=\"https:\/\/brucculeri.net\/?page_id=51\"><strong>Referenzen<\/strong><\/a><br>\nHier bekommen Sie einen Einblick in unser Leistungsspektrum und sehen eine vielzahl an Fotos von ausgef\u00fchrten Arbeiten.<br>\n\n<div class=\"referenzbild\">\n<a href=\"https:\/\/brucculeri.net\/?page_id=51\">\n<img decoding=\"async\" src=\"wp-content\/gallery\/emporio\/emporio1.jpg\" style=\" height:100px;\">\n<img decoding=\"async\" src=\"wp-content\/gallery\/unilever\/Unilever6.jpg\" style=\" height:100px; margin-left:5px;\">\n<img decoding=\"async\" src=\"wp-content\/gallery\/zollmuseum\/zollmuseum1.jpg\" style=\" height:100px; margin-left:5px;\">\n<img decoding=\"async\" src=\"wp-content\/gallery\/quartier-21\/fuhlsbuettel-haus21.jpg\" style=\" height:100px; margin-left:5px;\"><\/a>\n\n\n<\/div>\n<div style=\"display: none;\"><\/div>\n<br><br><br><br>\n<\/td><\/tr>\n<tr><td>\n<div><a href=\"https:\/\/brucculeri.net\/?page_id=13\"><strong>Wir beraten Sie gerne<\/strong><\/a><\/div>\n\nWir stehen Ihnen zu einem beratenden Gespr\u00e4ch gerne zur Verf\u00fcgung.<br>\nKontaktieren Sie uns, wir freuen uns auf Sie!\n<\/td><\/tr><\/table>\n\n\n\n<p><\/p>\n","protected":false},"excerpt":{"rendered":"<p>Willkommen auf der Website der Brucculeri Estrich GmbH, wir freuen uns, dass Sie den Weg zu uns gefunden haben. Die Brucculeri Estrich GmbH blickt auf 2 Jahrzehnte Estrich-Bau im Gro\u00dfraum Hamburg und Umgebung zur\u00fcck. Referenzen Hier bekommen Sie einen Einblick in unser Leistungsspektrum und sehen eine vielzahl an Fotos von ausgef\u00fchrten Arbeiten. Wir beraten Sie &hellip; <\/p>\n<p class=\"link-more\"><a href=\"https:\/\/brucculeri.net\/\" class=\"more-link\"><span class=\"screen-reader-text\">\u201eStartseite\u201c<\/span> weiterlesen<\/a><\/p>\n","protected":false},"author":1,"featured_media":0,"parent":0,"menu_order":0,"comment_status":"closed","ping_status":"closed","template":"","meta":{"ngg_post_thumbnail":0,"footnotes":""},"class_list":["post-29","page","type-page","status-publish","hentry"],"_links":{"self":[{"href":"https:\/\/brucculeri.net\/index.php?rest_route=\/wp\/v2\/pages\/29","targetHints":{"allow":["GET"]}}],"collection":[{"href":"https:\/\/brucculeri.net\/index.php?rest_route=\/wp\/v2\/pages"}],"about":[{"href":"https:\/\/brucculeri.net\/index.php?rest_route=\/wp\/v2\/types\/page"}],"author":[{"embeddable":true,"href":"https:\/\/brucculeri.net\/index.php?rest_route=\/wp\/v2\/users\/1"}],"replies":[{"embeddable":true,"href":"https:\/\/brucculeri.net\/index.php?rest_route=%2Fwp%2Fv2%2Fcomments&post=29"}],"version-history":[{"count":72,"href":"https:\/\/brucculeri.net\/index.php?rest_route=\/wp\/v2\/pages\/29\/revisions"}],"predecessor-version":[{"id":553,"href":"https:\/\/brucculeri.net\/index.php?rest_route=\/wp\/v2\/pages\/29\/revisions\/553"}],"wp:attachment":[{"href":"https:\/\/brucculeri.net\/index.php?rest_route=%2Fwp%2Fv2%2Fmedia&parent=29"}],"curies":[{"name":"wp","href":"https:\/\/api.w.org\/{rel}","templated":true}]}}